{"id":2125,"date":"2021-05-28T15:56:09","date_gmt":"2021-05-28T13:56:09","guid":{"rendered":"http:\/\/www.ansitz-steiner.it\/impressum\/"},"modified":"2021-09-27T16:04:11","modified_gmt":"2021-09-27T14:04:11","slug":"impressum","status":"publish","type":"page","link":"https:\/\/www.ansitz-steiner.it\/it\/impressum\/","title":{"rendered":"Impressum"},"content":{"rendered":"\t\t<div data-elementor-type=\"wp-page\" data-elementor-id=\"2125\" class=\"elementor elementor-2125 elementor-936\">\n\t\t\t\t\t\t<section class=\"elementor-section elementor-top-section elementor-element elementor-element-7d6a4ffe elementor-section-boxed elementor-section-height-default elementor-section-height-default\" data-id=\"7d6a4ffe\" data-element_type=\"section\" data-settings=\"{&quot;jet_parallax_layout_list&quot;:[{&quot;jet_parallax_layout_image&quot;:{&quot;url&quot;:&quot;&quot;,&quot;id&quot;:&quot;&quot;,&quot;size&quot;:&quot;&quot;},&quot;_id&quot;:&quot;4f4d4d9&quot;,&quot;jet_parallax_layout_speed&quot;:{&quot;unit&quot;:&quot;%&quot;,&quot;size&quot;:&quot;50&quot;,&quot;sizes&quot;:[]},&quot;jet_parallax_layout_bg_x&quot;:&quot;50&quot;,&quot;jet_parallax_layout_bg_y&quot;:&quot;50&quot;,&quot;jet_parallax_layout_image_tablet&quot;:{&quot;url&quot;:&quot;&quot;,&quot;id&quot;:&quot;&quot;,&quot;size&quot;:&quot;&quot;},&quot;jet_parallax_layout_image_mobile&quot;:{&quot;url&quot;:&quot;&quot;,&quot;id&quot;:&quot;&quot;,&quot;size&quot;:&quot;&quot;},&quot;jet_parallax_layout_type&quot;:&quot;scroll&quot;,&quot;jet_parallax_layout_direction&quot;:&quot;1&quot;,&quot;jet_parallax_layout_fx_direction&quot;:null,&quot;jet_parallax_layout_z_index&quot;:&quot;&quot;,&quot;jet_parallax_layout_bg_x_tablet&quot;:&quot;&quot;,&quot;jet_parallax_layout_bg_x_mobile&quot;:&quot;&quot;,&quot;jet_parallax_layout_bg_y_tablet&quot;:&quot;&quot;,&quot;jet_parallax_layout_bg_y_mobile&quot;:&quot;&quot;,&quot;jet_parallax_layout_bg_size&quot;:&quot;auto&quot;,&quot;jet_parallax_layout_bg_size_tablet&quot;:&quot;&quot;,&quot;jet_parallax_layout_bg_size_mobile&quot;:&quot;&quot;,&quot;jet_parallax_layout_animation_prop&quot;:&quot;transform&quot;,&quot;jet_parallax_layout_on&quot;:[&quot;desktop&quot;,&quot;tablet&quot;]}]}\">\n\t\t\t\t\t\t<div class=\"elementor-container elementor-column-gap-default\">\n\t\t\t\t\t<div class=\"elementor-column elementor-col-100 elementor-top-column elementor-element elementor-element-259fc224\" data-id=\"259fc224\" data-element_type=\"column\">\n\t\t\t<div class=\"elementor-widget-wrap elementor-element-populated\">\n\t\t\t\t\t\t<div class=\"elementor-element elementor-element-5cfce77d elementor-mobile-align-center elementor-align-center elementor-widget elementor-widget-raven-heading\" data-id=\"5cfce77d\" data-element_type=\"widget\" data-widget_type=\"raven-heading.default\">\n\t\t\t\t<div class=\"elementor-widget-container\">\n\t\t\t\t\t\t\t<div class=\"raven-widget-wrapper\"><h2 class=\"raven-heading raven-heading-h2\"><span class=\"raven-heading-title \">Impressum:<\/span><\/h2><\/div>\r\n\t\t\t\t\t\t<\/div>\n\t\t\t\t<\/div>\n\t\t\t\t<div class=\"elementor-element elementor-element-30603226 elementor-align-center elementor-widget elementor-widget-raven-divider\" data-id=\"30603226\" data-element_type=\"widget\" data-widget_type=\"raven-divider.default\">\n\t\t\t\t<div class=\"elementor-widget-container\">\n\t\t\t\t\t\t\t<div class=\"raven-widget-wrapper\">\r\n\t\t\t<div class=\"raven-divider\">\r\n\t\t\t\t<span class=\"raven-divider-line raven-divider-solid\"><\/span>\r\n\t\t\t<\/div>\r\n\t\t<\/div>\r\n\t\t\t\t\t\t<\/div>\n\t\t\t\t<\/div>\n\t\t\t\t<section class=\"elementor-section elementor-inner-section elementor-element elementor-element-835393c elementor-section-boxed elementor-section-height-default elementor-section-height-default\" data-id=\"835393c\" data-element_type=\"section\" data-settings=\"{&quot;jet_parallax_layout_list&quot;:[{&quot;jet_parallax_layout_image&quot;:{&quot;url&quot;:&quot;&quot;,&quot;id&quot;:&quot;&quot;,&quot;size&quot;:&quot;&quot;},&quot;_id&quot;:&quot;cdf0b4c&quot;,&quot;jet_parallax_layout_image_tablet&quot;:{&quot;url&quot;:&quot;&quot;,&quot;id&quot;:&quot;&quot;,&quot;size&quot;:&quot;&quot;},&quot;jet_parallax_layout_image_mobile&quot;:{&quot;url&quot;:&quot;&quot;,&quot;id&quot;:&quot;&quot;,&quot;size&quot;:&quot;&quot;},&quot;jet_parallax_layout_speed&quot;:{&quot;unit&quot;:&quot;%&quot;,&quot;size&quot;:50,&quot;sizes&quot;:[]},&quot;jet_parallax_layout_type&quot;:&quot;scroll&quot;,&quot;jet_parallax_layout_direction&quot;:&quot;1&quot;,&quot;jet_parallax_layout_fx_direction&quot;:null,&quot;jet_parallax_layout_z_index&quot;:&quot;&quot;,&quot;jet_parallax_layout_bg_x&quot;:50,&quot;jet_parallax_layout_bg_x_tablet&quot;:&quot;&quot;,&quot;jet_parallax_layout_bg_x_mobile&quot;:&quot;&quot;,&quot;jet_parallax_layout_bg_y&quot;:50,&quot;jet_parallax_layout_bg_y_tablet&quot;:&quot;&quot;,&quot;jet_parallax_layout_bg_y_mobile&quot;:&quot;&quot;,&quot;jet_parallax_layout_bg_size&quot;:&quot;auto&quot;,&quot;jet_parallax_layout_bg_size_tablet&quot;:&quot;&quot;,&quot;jet_parallax_layout_bg_size_mobile&quot;:&quot;&quot;,&quot;jet_parallax_layout_animation_prop&quot;:&quot;transform&quot;,&quot;jet_parallax_layout_on&quot;:[&quot;desktop&quot;,&quot;tablet&quot;]}]}\">\n\t\t\t\t\t\t<div class=\"elementor-container elementor-column-gap-default\">\n\t\t\t\t\t<div class=\"elementor-column elementor-col-50 elementor-inner-column elementor-element elementor-element-a812e5c\" data-id=\"a812e5c\" data-element_type=\"column\">\n\t\t\t<div class=\"elementor-widget-wrap elementor-element-populated\">\n\t\t\t\t\t\t<div class=\"elementor-element elementor-element-c6bfd99 elementor-widget elementor-widget-text-editor\" data-id=\"c6bfd99\" data-element_type=\"widget\" data-widget_type=\"text-editor.default\">\n\t\t\t\t<div class=\"elementor-widget-container\">\n\t\t\t\t\t\t\t\t\t<p><strong>Proprietario e responsabile per il contenuto:<br \/><\/strong>Ansitz Steiner<br \/>Valle San Silvestro 89, 39034 Dobbiaco\/San Silvestro (BZ)<br \/>Tel +39 338 9591131<br \/><a href=\"&#109;&#x61;i&#x6c;&#x74;&#111;&#x3a;i&#x6e;&#x66;&#111;&#x40;a&#x6e;&#x73;&#105;&#x74;z&#x2d;&#x73;&#116;&#x65;i&#x6e;&#x65;&#114;&#x2e;i&#x74;\">&#105;&#x6e;&#x66;&#111;&#x40;&#x61;&#110;&#x73;&#x69;&#116;&#x7a;&#x2d;&#115;&#x74;&#x65;&#105;&#x6e;&#x65;&#114;&#x2e;&#x69;&#116;<\/a><br \/><a href=\"https:\/\/www.ansitz-steiner.it\">www.ansitz-steiner.it<\/a><\/p><p>Part.IVA.: 02554660213<br \/>Pec: <a href=\"&#109;&#x61;&#105;&#x6c;t&#111;&#x3a;&#115;&#x63;h&#x69;l&#108;&#x65;&#114;&#x2e;e&#x72;&#x77;&#105;&#x6e;&#64;&#x6c;e&#103;&#x61;&#108;&#x6d;a&#x69;l&#46;&#x69;&#116;\">&#115;c&#x68;i&#x6c;l&#x65;r&#x2e;e&#x72;w&#x69;&#110;&#x40;&#108;&#x65;&#103;&#x61;&#108;&#x6d;&#97;&#x69;&#108;&#x2e;&#105;t<\/a><\/p><p><strong>Materiale fotografico:<\/strong><br \/>Ansitz Steiner,<br \/>Kottersteger, Wisthaler, Colman, Tschurtschenthaler &#8211; Drei Zinnen Marketing\/IDM S\u00fcdtirol<\/p><p><strong>Avviso di responsabilit\u00e0:<\/strong><br \/>I marchi e le societ\u00e0 citate su questo sito sono di propriet\u00e0 del apposito titolare.<br \/>Nonostante l\u2019attento controllo dei contenuti, non assumiamo nessuna responsabilit\u00e0 per i contenuti relativi a link esterni. Sono responsabili per il contenuto delle pagine collegate esclusivamente i gestori delle pagine stesse.<\/p>\t\t\t\t\t\t\t\t<\/div>\n\t\t\t\t<\/div>\n\t\t\t\t\t<\/div>\n\t\t<\/div>\n\t\t\t\t<div class=\"elementor-column elementor-col-50 elementor-inner-column elementor-element elementor-element-a59aa78\" data-id=\"a59aa78\" data-element_type=\"column\">\n\t\t\t<div class=\"elementor-widget-wrap elementor-element-populated\">\n\t\t\t\t\t\t<div class=\"elementor-element elementor-element-2659c08 elementor-widget elementor-widget-text-editor\" data-id=\"2659c08\" data-element_type=\"widget\" data-widget_type=\"text-editor.default\">\n\t\t\t\t<div class=\"elementor-widget-container\">\n\t\t\t\t\t\t\t\t\t<p><strong>Realizzazione, Concetto &amp; Design:<br \/><\/strong>Fuchsdesign<br \/>Via Dolomiti 25a, 39034 Dobbiaco<br \/>Alto Adige \u2013 Italia<br \/>Tel +39 0474 979 048<br \/><a href=\"&#109;&#x61;i&#108;&#x74;o&#58;&#x69;n&#102;&#x6f;&#64;&#102;&#x75;&#99;&#x68;&#x73;&#100;&#x65;&#x73;&#105;&#x67;n&#46;&#x69;t\">&#x69;&#110;f&#x6f;&#x40;&#102;u&#x63;&#104;s&#x64;&#x65;&#115;i&#x67;&#110;&#46;&#x69;&#x74;<\/a><br \/><a class=\"external-link-new-window\" title=\"Opens external link in new window\" href=\"http:\/\/www.fuchsdesign.it\" target=\"_blank\" rel=\"noopener noreferrer\">www.fuchsdesign.it<\/a><\/p><p><strong>Informazione obbligatoria ai sensi del Regolamento UE n. 524\/2016 del Parlamento europeo e del Consiglio<\/strong><br \/>Piattaforma per la risoluzione delle controversie online dei consumatori (ODR) della Commissione europea: <a href=\"http:\/\/ec.europa.eu\/consumers\/odr\/\" target=\"_blank\" rel=\"noopener noreferrer\">http:\/\/ec.europa.eu\/consumers\/odr\/<\/a><\/p>\t\t\t\t\t\t\t\t<\/div>\n\t\t\t\t<\/div>\n\t\t\t\t\t<\/div>\n\t\t<\/div>\n\t\t\t\t\t<\/div>\n\t\t<\/section>\n\t\t\t\t\t<\/div>\n\t\t<\/div>\n\t\t\t\t\t<\/div>\n\t\t<\/section>\n\t\t\t\t<\/div>\n\t\t","protected":false},"excerpt":{"rendered":"<p>Impressum: Proprietario e responsabile per il contenuto:Ansitz SteinerValle San Silvestro 89, 39034 Dobbiaco\/San Silvestro (BZ)Tel +39 338 9591131&#105;&#x6e;f&#111;&#x40;a&#110;&#x73;i&#116;&#x7a;-&#115;&#x74;&#101;&#x69;&#x6e;&#101;&#x72;&#x2e;&#105;&#x74;www.ansitz-steiner.it Part.IVA.: 02554660213Pec: &#115;&#x63;&#104;&#x69;l&#x6c;e&#114;&#x2e;&#101;&#x72;&#119;&#x69;n&#x40;l&#101;&#x67;&#97;&#x6c;m&#x61;i&#x6c;&#x2e;&#105;&#x74; Materiale fotografico:Ansitz Steiner,Kottersteger, Wisthaler, Colman, Tschurtschenthaler &#8211; Drei Zinnen Marketing\/IDM S\u00fcdtirol Avviso di responsabilit\u00e0:I marchi e le societ\u00e0 citate su questo sito sono di propriet\u00e0 del apposito titolare.Nonostante l\u2019attento controllo dei contenuti, non assumiamo [&hellip;]<\/p>\n","protected":false},"author":1,"featured_media":0,"parent":0,"menu_order":0,"comment_status":"closed","ping_status":"closed","template":"elementor_header_footer","meta":{"_acf_changed":false,"footnotes":""},"class_list":["post-2125","page","type-page","status-publish","hentry"],"acf":[],"yoast_head":"<!-- This site is optimized with the Yoast SEO plugin v27.5 - https:\/\/yoast.com\/product\/yoast-seo-wordpress\/ -->\n<title>Impressum - Ansitz Steiner - Appartamenti Dobbiaco Vacanza<\/title>\n<meta name=\"robots\" content=\"index, follow, max-snippet:-1, max-image-preview:large, max-video-preview:-1\" \/>\n<link rel=\"canonical\" href=\"https:\/\/www.ansitz-steiner.it\/it\/impressum\/\" \/>\n<meta property=\"og:locale\" content=\"it_IT\" \/>\n<meta property=\"og:type\" content=\"article\" \/>\n<meta property=\"og:title\" content=\"Impressum - Ansitz Steiner - Appartamenti Dobbiaco Vacanza\" \/>\n<meta property=\"og:description\" content=\"Impressum: Proprietario e responsabile per il contenuto:Ansitz SteinerValle San Silvestro 89, 39034 Dobbiaco\/San Silvestro (BZ)Tel +39 338 9591131&#x69;&#x6e;&#x66;&#x6f;&#x40;&#x61;&#x6e;&#115;&#105;&#116;&#122;&#045;stei&#x6e;&#x65;&#x72;&#x2e;&#x69;&#x74;www.ansitz-steiner.it Part.IVA.: 02554660213Pec: &#x73;&#x63;&#x68;&#x69;&#x6c;&#x6c;&#x65;&#x72;&#x2e;&#x65;&#x72;&#x77;&#x69;&#x6e;&#x40;&#x6c;&#x65;&#x67;&#x61;&#x6c;&#x6d;&#x61;&#x69;&#x6c;&#x2e;&#x69;&#x74; Materiale fotografico:Ansitz Steiner,Kottersteger, Wisthaler, Colman, Tschurtschenthaler &#8211; Drei Zinnen Marketing\/IDM S\u00fcdtirol Avviso di responsabilit\u00e0:I marchi e le societ\u00e0 citate su questo sito sono di propriet\u00e0 del apposito titolare.Nonostante l\u2019attento controllo dei contenuti, non assumiamo [&hellip;]\" \/>\n<meta property=\"og:url\" content=\"https:\/\/www.ansitz-steiner.it\/it\/impressum\/\" \/>\n<meta property=\"og:site_name\" content=\"Ansitz Steiner\" \/>\n<meta property=\"article:modified_time\" content=\"2021-09-27T14:04:11+00:00\" \/>\n<meta name=\"twitter:card\" content=\"summary_large_image\" \/>\n<meta name=\"twitter:label1\" content=\"Tempo di lettura stimato\" \/>\n\t<meta name=\"twitter:data1\" content=\"1 minuto\" \/>\n<script type=\"application\/ld+json\" class=\"yoast-schema-graph\">{\"@context\":\"https:\\\/\\\/schema.org\",\"@graph\":[{\"@type\":\"WebPage\",\"@id\":\"https:\\\/\\\/www.ansitz-steiner.it\\\/it\\\/impressum\\\/\",\"url\":\"https:\\\/\\\/www.ansitz-steiner.it\\\/it\\\/impressum\\\/\",\"name\":\"Impressum - Ansitz Steiner - Appartamenti Dobbiaco Vacanza\",\"isPartOf\":{\"@id\":\"https:\\\/\\\/www.ansitz-steiner.it\\\/#website\"},\"datePublished\":\"2021-05-28T13:56:09+00:00\",\"dateModified\":\"2021-09-27T14:04:11+00:00\",\"breadcrumb\":{\"@id\":\"https:\\\/\\\/www.ansitz-steiner.it\\\/it\\\/impressum\\\/#breadcrumb\"},\"inLanguage\":\"it-IT\",\"potentialAction\":[{\"@type\":\"ReadAction\",\"target\":[\"https:\\\/\\\/www.ansitz-steiner.it\\\/it\\\/impressum\\\/\"]}]},{\"@type\":\"BreadcrumbList\",\"@id\":\"https:\\\/\\\/www.ansitz-steiner.it\\\/it\\\/impressum\\\/#breadcrumb\",\"itemListElement\":[{\"@type\":\"ListItem\",\"position\":1,\"name\":\"Startseite\",\"item\":\"https:\\\/\\\/www.ansitz-steiner.it\\\/it\\\/\"},{\"@type\":\"ListItem\",\"position\":2,\"name\":\"Impressum\"}]},{\"@type\":\"WebSite\",\"@id\":\"https:\\\/\\\/www.ansitz-steiner.it\\\/#website\",\"url\":\"https:\\\/\\\/www.ansitz-steiner.it\\\/\",\"name\":\"Ansitz Steiner\",\"description\":\"Dobbiaco\",\"publisher\":{\"@id\":\"https:\\\/\\\/www.ansitz-steiner.it\\\/#organization\"},\"potentialAction\":[{\"@type\":\"SearchAction\",\"target\":{\"@type\":\"EntryPoint\",\"urlTemplate\":\"https:\\\/\\\/www.ansitz-steiner.it\\\/?s={search_term_string}\"},\"query-input\":{\"@type\":\"PropertyValueSpecification\",\"valueRequired\":true,\"valueName\":\"search_term_string\"}}],\"inLanguage\":\"it-IT\"},{\"@type\":\"Organization\",\"@id\":\"https:\\\/\\\/www.ansitz-steiner.it\\\/#organization\",\"name\":\"Ansitz Steiner\",\"url\":\"https:\\\/\\\/www.ansitz-steiner.it\\\/\",\"logo\":{\"@type\":\"ImageObject\",\"inLanguage\":\"it-IT\",\"@id\":\"https:\\\/\\\/www.ansitz-steiner.it\\\/#\\\/schema\\\/logo\\\/image\\\/\",\"url\":\"https:\\\/\\\/www.ansitz-steiner.it\\\/wp-content\\\/uploads\\\/ansitz-steiner-logo-red.svg\",\"contentUrl\":\"https:\\\/\\\/www.ansitz-steiner.it\\\/wp-content\\\/uploads\\\/ansitz-steiner-logo-red.svg\",\"width\":183.94,\"height\":66.56,\"caption\":\"Ansitz Steiner\"},\"image\":{\"@id\":\"https:\\\/\\\/www.ansitz-steiner.it\\\/#\\\/schema\\\/logo\\\/image\\\/\"}}]}<\/script>\n<!-- \/ Yoast SEO plugin. -->","yoast_head_json":{"title":"Impressum - Ansitz Steiner - Appartamenti Dobbiaco Vacanza","robots":{"index":"index","follow":"follow","max-snippet":"max-snippet:-1","max-image-preview":"max-image-preview:large","max-video-preview":"max-video-preview:-1"},"canonical":"https:\/\/www.ansitz-steiner.it\/it\/impressum\/","og_locale":"it_IT","og_type":"article","og_title":"Impressum - Ansitz Steiner - Appartamenti Dobbiaco Vacanza","og_description":"Impressum: Proprietario e responsabile per il contenuto:Ansitz SteinerValle San Silvestro 89, 39034 Dobbiaco\/San Silvestro (BZ)Tel +39 338 9591131&#x69;&#x6e;&#x66;&#x6f;&#x40;&#x61;&#x6e;&#115;&#105;&#116;&#122;&#45;stei&#x6e;&#x65;&#x72;&#x2e;&#x69;&#x74;www.ansitz-steiner.it Part.IVA.: 02554660213Pec: &#x73;&#x63;&#x68;&#x69;&#x6c;&#x6c;&#x65;&#x72;&#x2e;&#x65;&#x72;&#x77;&#x69;&#x6e;&#x40;&#x6c;&#x65;&#x67;&#x61;&#x6c;&#x6d;&#x61;&#x69;&#x6c;&#x2e;&#x69;&#x74; Materiale fotografico:Ansitz Steiner,Kottersteger, Wisthaler, Colman, Tschurtschenthaler &#8211; Drei Zinnen Marketing\/IDM S\u00fcdtirol Avviso di responsabilit\u00e0:I marchi e le societ\u00e0 citate su questo sito sono di propriet\u00e0 del apposito titolare.Nonostante l\u2019attento controllo dei contenuti, non assumiamo [&hellip;]","og_url":"https:\/\/www.ansitz-steiner.it\/it\/impressum\/","og_site_name":"Ansitz Steiner","article_modified_time":"2021-09-27T14:04:11+00:00","twitter_card":"summary_large_image","twitter_misc":{"Tempo di lettura stimato":"1 minuto"},"schema":{"@context":"https:\/\/schema.org","@graph":[{"@type":"WebPage","@id":"https:\/\/www.ansitz-steiner.it\/it\/impressum\/","url":"https:\/\/www.ansitz-steiner.it\/it\/impressum\/","name":"Impressum - Ansitz Steiner - Appartamenti Dobbiaco Vacanza","isPartOf":{"@id":"https:\/\/www.ansitz-steiner.it\/#website"},"datePublished":"2021-05-28T13:56:09+00:00","dateModified":"2021-09-27T14:04:11+00:00","breadcrumb":{"@id":"https:\/\/www.ansitz-steiner.it\/it\/impressum\/#breadcrumb"},"inLanguage":"it-IT","potentialAction":[{"@type":"ReadAction","target":["https:\/\/www.ansitz-steiner.it\/it\/impressum\/"]}]},{"@type":"BreadcrumbList","@id":"https:\/\/www.ansitz-steiner.it\/it\/impressum\/#breadcrumb","itemListElement":[{"@type":"ListItem","position":1,"name":"Startseite","item":"https:\/\/www.ansitz-steiner.it\/it\/"},{"@type":"ListItem","position":2,"name":"Impressum"}]},{"@type":"WebSite","@id":"https:\/\/www.ansitz-steiner.it\/#website","url":"https:\/\/www.ansitz-steiner.it\/","name":"Ansitz Steiner","description":"Dobbiaco","publisher":{"@id":"https:\/\/www.ansitz-steiner.it\/#organization"},"potentialAction":[{"@type":"SearchAction","target":{"@type":"EntryPoint","urlTemplate":"https:\/\/www.ansitz-steiner.it\/?s={search_term_string}"},"query-input":{"@type":"PropertyValueSpecification","valueRequired":true,"valueName":"search_term_string"}}],"inLanguage":"it-IT"},{"@type":"Organization","@id":"https:\/\/www.ansitz-steiner.it\/#organization","name":"Ansitz Steiner","url":"https:\/\/www.ansitz-steiner.it\/","logo":{"@type":"ImageObject","inLanguage":"it-IT","@id":"https:\/\/www.ansitz-steiner.it\/#\/schema\/logo\/image\/","url":"https:\/\/www.ansitz-steiner.it\/wp-content\/uploads\/ansitz-steiner-logo-red.svg","contentUrl":"https:\/\/www.ansitz-steiner.it\/wp-content\/uploads\/ansitz-steiner-logo-red.svg","width":183.94,"height":66.56,"caption":"Ansitz Steiner"},"image":{"@id":"https:\/\/www.ansitz-steiner.it\/#\/schema\/logo\/image\/"}}]}},"_links":{"self":[{"href":"https:\/\/www.ansitz-steiner.it\/it\/wp-json\/wp\/v2\/pages\/2125","targetHints":{"allow":["GET"]}}],"collection":[{"href":"https:\/\/www.ansitz-steiner.it\/it\/wp-json\/wp\/v2\/pages"}],"about":[{"href":"https:\/\/www.ansitz-steiner.it\/it\/wp-json\/wp\/v2\/types\/page"}],"author":[{"embeddable":true,"href":"https:\/\/www.ansitz-steiner.it\/it\/wp-json\/wp\/v2\/users\/1"}],"replies":[{"embeddable":true,"href":"https:\/\/www.ansitz-steiner.it\/it\/wp-json\/wp\/v2\/comments?post=2125"}],"version-history":[{"count":0,"href":"https:\/\/www.ansitz-steiner.it\/it\/wp-json\/wp\/v2\/pages\/2125\/revisions"}],"wp:attachment":[{"href":"https:\/\/www.ansitz-steiner.it\/it\/wp-json\/wp\/v2\/media?parent=2125"}],"curies":[{"name":"wp","href":"https:\/\/api.w.org\/{rel}","templated":true}]}}